{"id":745,"date":"2024-02-05T13:52:16","date_gmt":"2024-02-05T13:52:16","guid":{"rendered":"http:\/\/sveinolsentransport.no\/?page_id=745"},"modified":"2024-11-01T06:05:49","modified_gmt":"2024-11-01T06:05:49","slug":"transporttjenester","status":"publish","type":"page","link":"https:\/\/sveinolsentransport.no\/","title":{"rendered":"Hjem"},"content":{"rendered":"\n<div class=\"wp-block-uagb-container uag-blocks-common-selector uagb-block-9b707797 alignfull uagb-is-root-container\"><div class=\"uagb-container__shape uagb-container__shape-top uagb-container__shape-flip\"><svg xmlns=\"https:\/\/www.w3.org\/2000\/svg\" viewBox=\"0 0 1000 100\" preserveAspectRatio=\"none\"><path class=\"uagb-container__shape-fill\" d=\"M0,6V0h1000v100L0,6z\"><\/path><\/svg><\/div><div class=\"uagb-container__shape uagb-container__shape-bottom uagb-container__shape-flip uagb-container__invert\" data-negative=\"false\"><svg xmlns=\"https:\/\/www.w3.org\/2000\/svg\" viewBox=\"0 0 1000 100\" preserveAspectRatio=\"none\"><path class=\"uagb-container__shape-fill\" d=\"M0,6V0h1000v100L0,6z\"><\/path><\/svg><\/div><div class=\"uagb-container-inner-blocks-wrap\">\n<div class=\"wp-block-uagb-container uagb-block-122faca8\">\n<div class=\"wp-block-uagb-advanced-heading uagb-block-5556555c\"><h2 class=\"uagb-heading-text\">VELKOMMEN TIL<\/h2><\/div>\n\n\n\n<div class=\"wp-block-uagb-separator uagb-block-94b64906\"><div class=\"wp-block-uagb-separator__inner\" style=\"--my-background-image:\"><\/div><\/div>\n\n\n\n<div class=\"wp-block-uagb-advanced-heading uagb-block-41b22b6b\"><h2 class=\"uagb-heading-text\">Svein E. Olsen Transport<\/h2><\/div>\n\n\n\n<div class=\"wp-block-uagb-advanced-heading uagb-block-ccfd44f1\"><h6 class=\"uagb-heading-text\">&nbsp;Utf\u00f8rer diverse transportoppdrag mellom Gj\u00f8vik og Oslo.<\/h6><\/div>\n<\/div>\n<\/div><\/div>\n\n\n\n<div class=\"wp-block-uagb-container uagb-block-40991419 alignfull uagb-is-root-container\"><div class=\"uagb-container-inner-blocks-wrap\">\n<div class=\"wp-block-uagb-buttons uagb-buttons__outer-wrap uagb-btn__large-btn uagb-btn-tablet__default-btn uagb-btn-mobile__default-btn uagb-block-051f1613\"><div class=\"uagb-buttons__wrap uagb-buttons-layout-wrap \">\n<div class=\"wp-block-uagb-buttons-child uagb-buttons__outer-wrap uagb-block-b59fbd04 wp-block-button\"><div class=\"uagb-button__wrapper\"><a class=\"uagb-buttons-repeater wp-block-button__link\" aria-label=\"\" href=\"https:\/\/sveinolsentransport.no\/?page_id=748\" rel=\"nofollow noopener\" target=\"_self\" role=\"button\"><span class=\"uagb-button__icon uagb-button__icon-position-before\"><svg xmlns=\"https:\/\/www.w3.org\/2000\/svg\" viewBox=\"0 0 448 512\" aria-hidden=\"true\" focussable=\"false\"><path d=\"M438.6 278.6l-160 160C272.4 444.9 264.2 448 256 448s-16.38-3.125-22.62-9.375c-12.5-12.5-12.5-32.75 0-45.25L338.8 288H32C14.33 288 .0016 273.7 .0016 256S14.33 224 32 224h306.8l-105.4-105.4c-12.5-12.5-12.5-32.75 0-45.25s32.75-12.5 45.25 0l160 160C451.1 245.9 451.1 266.1 438.6 278.6z\"><\/path><\/svg><\/span><div class=\"uagb-button__link\">OM OSS<\/div><\/a><\/div><\/div>\n\n\n\n<div class=\"wp-block-uagb-buttons-child uagb-buttons__outer-wrap uagb-block-1a346696 wp-block-button\"><div class=\"uagb-button__wrapper\"><a class=\"uagb-buttons-repeater wp-block-button__link\" aria-label=\"\" href=\"https:\/\/sveinolsentransport.no\/?page_id=751\" rel=\"nofollow noopener\" target=\"_self\" role=\"button\"><span class=\"uagb-button__icon uagb-button__icon-position-before\"><svg xmlns=\"https:\/\/www.w3.org\/2000\/svg\" viewBox=\"0 0 448 512\" aria-hidden=\"true\" focussable=\"false\"><path d=\"M438.6 278.6l-160 160C272.4 444.9 264.2 448 256 448s-16.38-3.125-22.62-9.375c-12.5-12.5-12.5-32.75 0-45.25L338.8 288H32C14.33 288 .0016 273.7 .0016 256S14.33 224 32 224h306.8l-105.4-105.4c-12.5-12.5-12.5-32.75 0-45.25s32.75-12.5 45.25 0l160 160C451.1 245.9 451.1 266.1 438.6 278.6z\"><\/path><\/svg><\/span><div class=\"uagb-button__link\">KONTAKT OSS<\/div><\/a><\/div><\/div>\n<\/div><\/div>\n<\/div><\/div>\n\n\n\n<div class=\"wp-block-uagb-container uagb-block-360d407b alignfull uagb-is-root-container\"><div class=\"uagb-container-inner-blocks-wrap\">\n<div class=\"wp-block-uagb-container uagb-block-afc604fd alignfull uagb-is-root-container\"><div class=\"uagb-container-inner-blocks-wrap\">\n<div class=\"wp-block-uagb-container uagb-block-f1fb157d\">\n<div class=\"wp-block-uagb-info-box uagb-block-5898cb11 uagb-infobox__content-wrap  uagb-infobox-icon-above-title uagb-infobox-image-valign-top\"><div class=\"uagb-ifb-content\"><div class=\"uagb-ifb-title-wrap\"><h3 class=\"uagb-ifb-title\">Trenger du transport\u00f8r?<\/h3><\/div><div class=\"uagb-ifb-separator\"><\/div><p class=\"uagb-ifb-desc\">Vi tar forskjellige typer fraktoppdrag i \u00d8stlandsomr\u00e5det og kj\u00f8rer ogs\u00e5 p\u00e5 oppdrag for Toten Transport.<br><br>Jeg utf\u00f8rer oppdrag etter dine \u00f8nsker og streber etter \u00e5 alltid levere en proff tjeneste til avtalt tid.<br><br>Jeg \u00f8nsker \u00e5 v\u00e6re det naturlige valget n\u00e5r det gjelder transporttjenester i mitt omr\u00e5de.<\/p><\/div><\/div>\n\n\n\n<div class=\"wp-block-uagb-container uagb-block-8dd2d1ef\">\n<div class=\"wp-block-uagb-icon-list uagb-block-ecaa6e8f\"><div class=\"uagb-icon-list__wrap\">\n<div class=\"wp-block-uagb-icon-list-child uagb-block-112a35b9\"><span class=\"uagb-icon-list__source-wrap\"><svg xmlns=\"https:\/\/www.w3.org\/2000\/svg\" viewBox=\"0 0 448 512\"><path d=\"M438.6 105.4C451.1 117.9 451.1 138.1 438.6 150.6L182.6 406.6C170.1 419.1 149.9 419.1 137.4 406.6L9.372 278.6C-3.124 266.1-3.124 245.9 9.372 233.4C21.87 220.9 42.13 220.9 54.63 233.4L159.1 338.7L393.4 105.4C405.9 92.88 426.1 92.88 438.6 105.4H438.6z\"><\/path><\/svg><\/span><span class=\"uagb-icon-list__label\">KVALITET<\/span><\/div>\n\n\n\n<div class=\"wp-block-uagb-icon-list-child uagb-block-0748c9a2\"><span class=\"uagb-icon-list__source-wrap\"><svg xmlns=\"https:\/\/www.w3.org\/2000\/svg\" viewBox=\"0 0 448 512\"><path d=\"M438.6 105.4C451.1 117.9 451.1 138.1 438.6 150.6L182.6 406.6C170.1 419.1 149.9 419.1 137.4 406.6L9.372 278.6C-3.124 266.1-3.124 245.9 9.372 233.4C21.87 220.9 42.13 220.9 54.63 233.4L159.1 338.7L393.4 105.4C405.9 92.88 426.1 92.88 438.6 105.4H438.6z\"><\/path><\/svg><\/span><span class=\"uagb-icon-list__label\">SERVICE<\/span><\/div>\n\n\n\n<div class=\"wp-block-uagb-icon-list-child uagb-block-9c6f9426\"><span class=\"uagb-icon-list__source-wrap\"><svg xmlns=\"https:\/\/www.w3.org\/2000\/svg\" viewBox=\"0 0 448 512\"><path d=\"M438.6 105.4C451.1 117.9 451.1 138.1 438.6 150.6L182.6 406.6C170.1 419.1 149.9 419.1 137.4 406.6L9.372 278.6C-3.124 266.1-3.124 245.9 9.372 233.4C21.87 220.9 42.13 220.9 54.63 233.4L159.1 338.7L393.4 105.4C405.9 92.88 426.1 92.88 438.6 105.4H438.6z\"><\/path><\/svg><\/span><span class=\"uagb-icon-list__label\">TRYGGHET<\/span><\/div>\n<\/div><\/div>\n<\/div>\n<\/div>\n\n\n\n<div class=\"wp-block-uagb-container uagb-block-80ffb3d9\">\n<div class=\"wp-block-uagb-image uagb-block-0f7aceb3 wp-block-uagb-image--layout-default wp-block-uagb-image--effect-static wp-block-uagb-image--align-none\"><figure class=\"wp-block-uagb-image__figure\"><img loading=\"lazy\" decoding=\"async\" srcset=\"https:\/\/sveinolsentransport.no\/wp-content\/uploads\/2024\/02\/redlas.webp ,https:\/\/sveinolsentransport.no\/wp-content\/uploads\/2024\/02\/redlas.webp 780w, https:\/\/sveinolsentransport.no\/wp-content\/uploads\/2024\/02\/redlas.webp 360w\" sizes=\"auto, (max-width: 480px) 150px\" src=\"https:\/\/sveinolsentransport.no\/wp-content\/uploads\/2024\/02\/redlas.webp\" alt=\"\" class=\"uag-image-757\" width=\"640\" height=\"480\" title=\"\" loading=\"lazy\" role=\"img\"\/><\/figure><\/div>\n<\/div>\n<\/div><\/div>\n<\/div><\/div>\n\n\n\n<div class=\"wp-block-uagb-container uag-blocks-common-selector uagb-block-94620132 alignfull uagb-is-root-container\"><div class=\"uagb-container__shape uagb-container__shape-top uagb-container__shape-flip\"><svg xmlns=\"https:\/\/www.w3.org\/2000\/svg\" viewBox=\"0 0 1000 100\" preserveAspectRatio=\"none\"><path class=\"uagb-container__shape-fill\" d=\"M0,6V0h1000v100L0,6z\"><\/path><\/svg><\/div><div class=\"uagb-container__shape uagb-container__shape-bottom uagb-container__shape-flip uagb-container__invert\" data-negative=\"false\"><svg xmlns=\"https:\/\/www.w3.org\/2000\/svg\" viewBox=\"0 0 1000 100\" preserveAspectRatio=\"none\"><path class=\"uagb-container__shape-fill\" d=\"M0,6V0h1000v100L0,6z\"><\/path><\/svg><\/div><div class=\"uagb-container-inner-blocks-wrap\">\n<div class=\"wp-block-uagb-container uagb-block-43b881e3\">\n<div class=\"wp-block-uagb-advanced-heading uagb-block-0c2d3e03\"><h2 class=\"uagb-heading-text\">Har du sp\u00f8rsm\u00e5l?<\/h2><\/div>\n\n\n\n<div class=\"wp-block-uagb-separator uagb-block-a64b53d1\"><div class=\"wp-block-uagb-separator__inner\" style=\"--my-background-image:\"><\/div><\/div>\n\n\n\n<div class=\"wp-block-uagb-advanced-heading uagb-block-f2462686\"><h6 class=\"uagb-heading-text\">\u00a0\u200b<strong>Vi har rask responstid og er alltid \u200btilgjengelig for \u00e5 svare p\u00e5 dine sp\u00f8rsm\u00e5l.<\/strong> <strong>Send oss en henvendelse via skjemaet, eller ring oss p\u00e5 telefon<\/strong>.<\/h6><\/div>\n<\/div>\n<\/div><\/div>\n","protected":false},"excerpt":{"rendered":"<p>VELKOMMEN TIL Svein E. Olsen Transport &nbsp;Utf\u00f8rer diverse transportoppdrag mellom Gj\u00f8vik og Oslo. Har du sp\u00f8rsm\u00e5l? \u00a0\u200bVi har rask responstid og er alltid \u200btilgjengelig for \u00e5 svare p\u00e5 dine sp\u00f8rsm\u00e5l. Send oss en henvendelse via skjemaet, eller ring oss p\u00e5 telefon.<\/p>\n","protected":false},"author":1,"featured_media":0,"parent":0,"menu_order":0,"comment_status":"closed","ping_status":"closed","template":"","meta":{"_uag_custom_page_level_css":"","site-sidebar-layout":"default","site-content-layout":"","ast-site-content-layout":"default","site-content-style":"default","site-sidebar-style":"default","ast-global-header-display":"","ast-banner-title-visibility":"","ast-main-header-display":"","ast-hfb-above-header-display":"","ast-hfb-below-header-display":"","ast-hfb-mobile-header-display":"","site-post-title":"disabled","ast-breadcrumbs-content":"","ast-featured-img":"","footer-sml-layout":"","ast-disable-related-posts":"","theme-transparent-header-meta":"","adv-header-id-meta":"","stick-header-meta":"","header-above-stick-meta":"","header-main-stick-meta":"","header-below-stick-meta":"","astra-migrate-meta-layouts":"set","ast-page-background-enabled":"default","ast-page-background-meta":{"desktop":{"background-color":"var(--ast-global-color-4)","background-image":"","background-repeat":"repeat","background-position":"center center","background-size":"auto","background-attachment":"scroll","background-type":"","background-media":"","overlay-type":"","overlay-color":"","overlay-opacity":"","overlay-gradient":""},"tablet":{"background-color":"","background-image":"","background-repeat":"repeat","background-position":"center center","background-size":"auto","background-attachment":"scroll","background-type":"","background-media":"","overlay-type":"","overlay-color":"","overlay-opacity":"","overlay-gradient":""},"mobile":{"background-color":"","background-image":"","background-repeat":"repeat","background-position":"center center","background-size":"auto","background-attachment":"scroll","background-type":"","background-media":"","overlay-type":"","overlay-color":"","overlay-opacity":"","overlay-gradient":""}},"ast-content-background-meta":{"desktop":{"background-color":"var(--ast-global-color-5)","background-image":"","background-repeat":"repeat","background-position":"center center","background-size":"auto","background-attachment":"scroll","background-type":"","background-media":"","overlay-type":"","overlay-color":"","overlay-opacity":"","overlay-gradient":""},"tablet":{"background-color":"var(--ast-global-color-5)","background-image":"","background-repeat":"repeat","background-position":"center center","background-size":"auto","background-attachment":"scroll","background-type":"","background-media":"","overlay-type":"","overlay-color":"","overlay-opacity":"","overlay-gradient":""},"mobile":{"background-color":"var(--ast-global-color-5)","background-image":"","background-repeat":"repeat","background-position":"center center","background-size":"auto","background-attachment":"scroll","background-type":"","background-media":"","overlay-type":"","overlay-color":"","overlay-opacity":"","overlay-gradient":""}},"footnotes":""},"class_list":["post-745","page","type-page","status-publish","hentry"],"yoast_head":"<!-- This site is optimized with the Yoast SEO plugin v27.3 - https:\/\/yoast.com\/product\/yoast-seo-wordpress\/ -->\n<title>transportoppdrag -Svein O Transport AS-transport.fraktoppdrag.<\/title>\n<meta name=\"description\" content=\"Svein O Transport AS.transportoppdrag .transport.fraktoppdrag.Transportbedrift.frakt.Transportservice.Lena.Gj\u00f8vik .Oslo.Viken.Norge\" \/>\n<meta name=\"robots\" content=\"index, follow, max-snippet:-1, max-image-preview:large, max-video-preview:-1\" \/>\n<link rel=\"canonical\" href=\"https:\/\/sveinolsentransport.no\/\" \/>\n<meta property=\"og:locale\" content=\"en_US\" \/>\n<meta property=\"og:type\" content=\"article\" \/>\n<meta property=\"og:title\" content=\"transportoppdrag -Svein O Transport AS-transport.fraktoppdrag.\" \/>\n<meta property=\"og:description\" content=\"Svein O Transport AS.transportoppdrag .transport.fraktoppdrag.Transportbedrift.frakt.Transportservice.Lena.Gj\u00f8vik .Oslo.Viken.Norge\" \/>\n<meta property=\"og:url\" content=\"https:\/\/sveinolsentransport.no\/\" \/>\n<meta property=\"article:modified_time\" content=\"2024-11-01T06:05:49+00:00\" \/>\n<meta property=\"og:image\" content=\"http:\/\/sveinolsentransport.no\/wp-content\/uploads\/2024\/02\/redlas.webp\" \/>\n<meta name=\"twitter:card\" content=\"summary_large_image\" \/>\n<meta name=\"twitter:label1\" content=\"Est. reading time\" \/>\n\t<meta name=\"twitter:data1\" content=\"1 minute\" \/>\n<script type=\"application\/ld+json\" class=\"yoast-schema-graph\">{\"@context\":\"https:\\\/\\\/schema.org\",\"@graph\":[{\"@type\":\"WebPage\",\"@id\":\"https:\\\/\\\/sveinolsentransport.no\\\/\",\"url\":\"https:\\\/\\\/sveinolsentransport.no\\\/\",\"name\":\"transportoppdrag -Svein O Transport AS-transport.fraktoppdrag.\",\"isPartOf\":{\"@id\":\"https:\\\/\\\/sveinolsentransport.no\\\/#website\"},\"primaryImageOfPage\":{\"@id\":\"https:\\\/\\\/sveinolsentransport.no\\\/#primaryimage\"},\"image\":{\"@id\":\"https:\\\/\\\/sveinolsentransport.no\\\/#primaryimage\"},\"thumbnailUrl\":\"http:\\\/\\\/sveinolsentransport.no\\\/wp-content\\\/uploads\\\/2024\\\/02\\\/redlas.webp\",\"datePublished\":\"2024-02-05T13:52:16+00:00\",\"dateModified\":\"2024-11-01T06:05:49+00:00\",\"description\":\"Svein O Transport AS.transportoppdrag .transport.fraktoppdrag.Transportbedrift.frakt.Transportservice.Lena.Gj\u00f8vik .Oslo.Viken.Norge\",\"breadcrumb\":{\"@id\":\"https:\\\/\\\/sveinolsentransport.no\\\/#breadcrumb\"},\"inLanguage\":\"en\",\"potentialAction\":[{\"@type\":\"ReadAction\",\"target\":[\"https:\\\/\\\/sveinolsentransport.no\\\/\"]}]},{\"@type\":\"ImageObject\",\"inLanguage\":\"en\",\"@id\":\"https:\\\/\\\/sveinolsentransport.no\\\/#primaryimage\",\"url\":\"http:\\\/\\\/sveinolsentransport.no\\\/wp-content\\\/uploads\\\/2024\\\/02\\\/redlas.webp\",\"contentUrl\":\"http:\\\/\\\/sveinolsentransport.no\\\/wp-content\\\/uploads\\\/2024\\\/02\\\/redlas.webp\"},{\"@type\":\"BreadcrumbList\",\"@id\":\"https:\\\/\\\/sveinolsentransport.no\\\/#breadcrumb\",\"itemListElement\":[{\"@type\":\"ListItem\",\"position\":1,\"name\":\"Home\",\"item\":\"https:\\\/\\\/sveinolsentransport.no\\\/\"},{\"@type\":\"ListItem\",\"position\":2,\"name\":\"Hjem\"}]},{\"@type\":\"WebSite\",\"@id\":\"https:\\\/\\\/sveinolsentransport.no\\\/#website\",\"url\":\"https:\\\/\\\/sveinolsentransport.no\\\/\",\"name\":\"\",\"description\":\"Svein E.Olsen Transport\",\"potentialAction\":[{\"@type\":\"SearchAction\",\"target\":{\"@type\":\"EntryPoint\",\"urlTemplate\":\"https:\\\/\\\/sveinolsentransport.no\\\/?s={search_term_string}\"},\"query-input\":{\"@type\":\"PropertyValueSpecification\",\"valueRequired\":true,\"valueName\":\"search_term_string\"}}],\"inLanguage\":\"en\"}]}<\/script>\n<!-- \/ Yoast SEO plugin. -->","yoast_head_json":{"title":"transportoppdrag -Svein O Transport AS-transport.fraktoppdrag.","description":"Svein O Transport AS.transportoppdrag .transport.fraktoppdrag.Transportbedrift.frakt.Transportservice.Lena.Gj\u00f8vik .Oslo.Viken.Norge","robots":{"index":"index","follow":"follow","max-snippet":"max-snippet:-1","max-image-preview":"max-image-preview:large","max-video-preview":"max-video-preview:-1"},"canonical":"https:\/\/sveinolsentransport.no\/","og_locale":"en_US","og_type":"article","og_title":"transportoppdrag -Svein O Transport AS-transport.fraktoppdrag.","og_description":"Svein O Transport AS.transportoppdrag .transport.fraktoppdrag.Transportbedrift.frakt.Transportservice.Lena.Gj\u00f8vik .Oslo.Viken.Norge","og_url":"https:\/\/sveinolsentransport.no\/","article_modified_time":"2024-11-01T06:05:49+00:00","og_image":[{"url":"http:\/\/sveinolsentransport.no\/wp-content\/uploads\/2024\/02\/redlas.webp","type":"","width":"","height":""}],"twitter_card":"summary_large_image","twitter_misc":{"Est. reading time":"1 minute"},"schema":{"@context":"https:\/\/schema.org","@graph":[{"@type":"WebPage","@id":"https:\/\/sveinolsentransport.no\/","url":"https:\/\/sveinolsentransport.no\/","name":"transportoppdrag -Svein O Transport AS-transport.fraktoppdrag.","isPartOf":{"@id":"https:\/\/sveinolsentransport.no\/#website"},"primaryImageOfPage":{"@id":"https:\/\/sveinolsentransport.no\/#primaryimage"},"image":{"@id":"https:\/\/sveinolsentransport.no\/#primaryimage"},"thumbnailUrl":"http:\/\/sveinolsentransport.no\/wp-content\/uploads\/2024\/02\/redlas.webp","datePublished":"2024-02-05T13:52:16+00:00","dateModified":"2024-11-01T06:05:49+00:00","description":"Svein O Transport AS.transportoppdrag .transport.fraktoppdrag.Transportbedrift.frakt.Transportservice.Lena.Gj\u00f8vik .Oslo.Viken.Norge","breadcrumb":{"@id":"https:\/\/sveinolsentransport.no\/#breadcrumb"},"inLanguage":"en","potentialAction":[{"@type":"ReadAction","target":["https:\/\/sveinolsentransport.no\/"]}]},{"@type":"ImageObject","inLanguage":"en","@id":"https:\/\/sveinolsentransport.no\/#primaryimage","url":"http:\/\/sveinolsentransport.no\/wp-content\/uploads\/2024\/02\/redlas.webp","contentUrl":"http:\/\/sveinolsentransport.no\/wp-content\/uploads\/2024\/02\/redlas.webp"},{"@type":"BreadcrumbList","@id":"https:\/\/sveinolsentransport.no\/#breadcrumb","itemListElement":[{"@type":"ListItem","position":1,"name":"Home","item":"https:\/\/sveinolsentransport.no\/"},{"@type":"ListItem","position":2,"name":"Hjem"}]},{"@type":"WebSite","@id":"https:\/\/sveinolsentransport.no\/#website","url":"https:\/\/sveinolsentransport.no\/","name":"","description":"Svein E.Olsen Transport","potentialAction":[{"@type":"SearchAction","target":{"@type":"EntryPoint","urlTemplate":"https:\/\/sveinolsentransport.no\/?s={search_term_string}"},"query-input":{"@type":"PropertyValueSpecification","valueRequired":true,"valueName":"search_term_string"}}],"inLanguage":"en"}]}},"uagb_featured_image_src":{"full":false,"thumbnail":false,"medium":false,"medium_large":false,"large":false,"1536x1536":false,"2048x2048":false},"uagb_author_info":{"display_name":"admin","author_link":"https:\/\/sveinolsentransport.no\/?author=1"},"uagb_comment_info":0,"uagb_excerpt":"VELKOMMEN TIL Svein E. Olsen Transport &nbsp;Utf\u00f8rer diverse transportoppdrag mellom Gj\u00f8vik og Oslo. Har du sp\u00f8rsm\u00e5l? \u00a0\u200bVi har rask responstid og er alltid \u200btilgjengelig for \u00e5 svare p\u00e5 dine sp\u00f8rsm\u00e5l. Send oss en henvendelse via skjemaet, eller ring oss p\u00e5 telefon.","_links":{"self":[{"href":"https:\/\/sveinolsentransport.no\/index.php?rest_route=\/wp\/v2\/pages\/745","targetHints":{"allow":["GET"]}}],"collection":[{"href":"https:\/\/sveinolsentransport.no\/index.php?rest_route=\/wp\/v2\/pages"}],"about":[{"href":"https:\/\/sveinolsentransport.no\/index.php?rest_route=\/wp\/v2\/types\/page"}],"author":[{"embeddable":true,"href":"https:\/\/sveinolsentransport.no\/index.php?rest_route=\/wp\/v2\/users\/1"}],"replies":[{"embeddable":true,"href":"https:\/\/sveinolsentransport.no\/index.php?rest_route=%2Fwp%2Fv2%2Fcomments&post=745"}],"version-history":[{"count":27,"href":"https:\/\/sveinolsentransport.no\/index.php?rest_route=\/wp\/v2\/pages\/745\/revisions"}],"predecessor-version":[{"id":840,"href":"https:\/\/sveinolsentransport.no\/index.php?rest_route=\/wp\/v2\/pages\/745\/revisions\/840"}],"wp:attachment":[{"href":"https:\/\/sveinolsentransport.no\/index.php?rest_route=%2Fwp%2Fv2%2Fmedia&parent=745"}],"curies":[{"name":"wp","href":"https:\/\/api.w.org\/{rel}","templated":true}]}}