{"id":748,"date":"2024-02-05T13:52:50","date_gmt":"2024-02-05T13:52:50","guid":{"rendered":"http:\/\/sveinolsentransport.no\/?page_id=748"},"modified":"2024-05-29T06:51:57","modified_gmt":"2024-05-29T06:51:57","slug":"om-oss-2","status":"publish","type":"page","link":"https:\/\/sveinolsentransport.no\/?page_id=748","title":{"rendered":"Om oss"},"content":{"rendered":"\n<div class=\"wp-block-uagb-container uag-blocks-common-selector uagb-block-9b707797 alignfull uagb-is-root-container\"><div class=\"uagb-container__shape uagb-container__shape-top uagb-container__shape-flip\"><svg xmlns=\"https:\/\/www.w3.org\/2000\/svg\" viewBox=\"0 0 1000 100\" preserveAspectRatio=\"none\"><path class=\"uagb-container__shape-fill\" d=\"M0,6V0h1000v100L0,6z\"><\/path><\/svg><\/div><div class=\"uagb-container__shape uagb-container__shape-bottom uagb-container__shape-flip uagb-container__invert\" data-negative=\"false\"><svg xmlns=\"https:\/\/www.w3.org\/2000\/svg\" viewBox=\"0 0 1000 100\" preserveAspectRatio=\"none\"><path class=\"uagb-container__shape-fill\" d=\"M0,6V0h1000v100L0,6z\"><\/path><\/svg><\/div><div class=\"uagb-container-inner-blocks-wrap\">\n<div class=\"wp-block-uagb-container uagb-block-122faca8\">\n<div class=\"wp-block-uagb-advanced-heading uagb-block-5556555c\"><h2 class=\"uagb-heading-text\">OM<\/h2><\/div>\n\n\n\n<div class=\"wp-block-uagb-separator uagb-block-94b64906\"><div class=\"wp-block-uagb-separator__inner\" style=\"--my-background-image:\"><\/div><\/div>\n\n\n\n<div class=\"wp-block-uagb-advanced-heading uagb-block-41b22b6b\"><h2 class=\"uagb-heading-text\">Svein E. Olsen Transport<\/h2><\/div>\n\n\n\n<div class=\"wp-block-uagb-advanced-heading uagb-block-ccfd44f1\"><h6 class=\"uagb-heading-text\">&nbsp;Utf\u00f8rer diverse transportoppdrag mellom Gj\u00f8vik og Oslo.<\/h6><\/div>\n<\/div>\n<\/div><\/div>\n\n\n\n<div class=\"wp-block-uagb-container uagb-block-d76a53aa alignfull uagb-is-root-container\"><div class=\"uagb-container-inner-blocks-wrap\">\n<div class=\"wp-block-uagb-buttons uagb-buttons__outer-wrap uagb-btn__large-btn uagb-btn-tablet__default-btn uagb-btn-mobile__default-btn uagb-block-9be2e5c4\"><div class=\"uagb-buttons__wrap uagb-buttons-layout-wrap \">\n<div class=\"wp-block-uagb-buttons-child uagb-buttons__outer-wrap uagb-block-c4671388 wp-block-button\"><div class=\"uagb-button__wrapper\"><a class=\"uagb-buttons-repeater wp-block-button__link\" aria-label=\"\" href=\"https:\/\/sveinolsentransport.no\" rel=\"nofollow noopener\" target=\"_self\" role=\"button\"><span class=\"uagb-button__icon uagb-button__icon-position-before\"><svg xmlns=\"https:\/\/www.w3.org\/2000\/svg\" viewBox=\"0 0 448 512\" aria-hidden=\"true\" focussable=\"false\"><path d=\"M438.6 278.6l-160 160C272.4 444.9 264.2 448 256 448s-16.38-3.125-22.62-9.375c-12.5-12.5-12.5-32.75 0-45.25L338.8 288H32C14.33 288 .0016 273.7 .0016 256S14.33 224 32 224h306.8l-105.4-105.4c-12.5-12.5-12.5-32.75 0-45.25s32.75-12.5 45.25 0l160 160C451.1 245.9 451.1 266.1 438.6 278.6z\"><\/path><\/svg><\/span><div class=\"uagb-button__link\">HJEM<\/div><\/a><\/div><\/div>\n\n\n\n<div class=\"wp-block-uagb-buttons-child uagb-buttons__outer-wrap uagb-block-ee4f52c0 wp-block-button\"><div class=\"uagb-button__wrapper\"><a class=\"uagb-buttons-repeater wp-block-button__link\" aria-label=\"\" href=\"https:\/\/sveinolsentransport.no\/?page_id=751\" rel=\"nofollow noopener\" target=\"_self\" role=\"button\"><span class=\"uagb-button__icon uagb-button__icon-position-before\"><svg xmlns=\"https:\/\/www.w3.org\/2000\/svg\" viewBox=\"0 0 448 512\" aria-hidden=\"true\" focussable=\"false\"><path d=\"M438.6 278.6l-160 160C272.4 444.9 264.2 448 256 448s-16.38-3.125-22.62-9.375c-12.5-12.5-12.5-32.75 0-45.25L338.8 288H32C14.33 288 .0016 273.7 .0016 256S14.33 224 32 224h306.8l-105.4-105.4c-12.5-12.5-12.5-32.75 0-45.25s32.75-12.5 45.25 0l160 160C451.1 245.9 451.1 266.1 438.6 278.6z\"><\/path><\/svg><\/span><div class=\"uagb-button__link\">KONTAKT OSS<\/div><\/a><\/div><\/div>\n<\/div><\/div>\n<\/div><\/div>\n\n\n\n<div class=\"wp-block-uagb-container uagb-block-360d407b alignfull uagb-is-root-container\"><div class=\"uagb-container-inner-blocks-wrap\">\n<div class=\"wp-block-uagb-container uagb-block-afc604fd alignfull uagb-is-root-container\"><div class=\"uagb-container-inner-blocks-wrap\">\n<div class=\"wp-block-uagb-container uagb-block-f1fb157d\">\n<div class=\"wp-block-uagb-info-box uagb-block-5898cb11 uagb-infobox__content-wrap  uagb-infobox-icon-above-title uagb-infobox-image-valign-top\"><div class=\"uagb-ifb-content\"><div class=\"uagb-ifb-title-wrap\"><h3 class=\"uagb-ifb-title\">Svein E. Olsen Transport<\/h3><\/div><div class=\"uagb-ifb-separator\"><\/div><p class=\"uagb-ifb-desc\">Jeg har drevet med godstransport i over 20 \u00e5r, og holder til i Lena p\u00e5 Toten. Vi tar forskjellige typer fraktoppdrag i \u00d8stlands-omr\u00e5det og kj\u00f8rer ogs\u00e5 p\u00e5 oppdrag for Toten Transport.<br><br>Jeg utf\u00f8rer oppdrag etter dine \u00f8nsker og streber etter \u00e5 alltid levere en proff tjeneste til avtalt tid. Jeg \u00f8nsker \u00e5 v\u00e6re det naturlige valget n\u00e5r det gjelder transporttjenester i mitt omr\u00e5de.<br><\/p><\/div><\/div>\n\n\n\n<div class=\"wp-block-uagb-container uagb-block-8dd2d1ef\">\n<div class=\"wp-block-uagb-icon-list uagb-block-ecaa6e8f\"><div class=\"uagb-icon-list__wrap\">\n<div class=\"wp-block-uagb-icon-list-child uagb-block-112a35b9\"><span class=\"uagb-icon-list__source-wrap\"><svg xmlns=\"https:\/\/www.w3.org\/2000\/svg\" viewBox=\"0 0 448 512\"><path d=\"M438.6 105.4C451.1 117.9 451.1 138.1 438.6 150.6L182.6 406.6C170.1 419.1 149.9 419.1 137.4 406.6L9.372 278.6C-3.124 266.1-3.124 245.9 9.372 233.4C21.87 220.9 42.13 220.9 54.63 233.4L159.1 338.7L393.4 105.4C405.9 92.88 426.1 92.88 438.6 105.4H438.6z\"><\/path><\/svg><\/span><span class=\"uagb-icon-list__label\">KVALITET<\/span><\/div>\n\n\n\n<div class=\"wp-block-uagb-icon-list-child uagb-block-0748c9a2\"><span class=\"uagb-icon-list__source-wrap\"><svg xmlns=\"https:\/\/www.w3.org\/2000\/svg\" viewBox=\"0 0 448 512\"><path d=\"M438.6 105.4C451.1 117.9 451.1 138.1 438.6 150.6L182.6 406.6C170.1 419.1 149.9 419.1 137.4 406.6L9.372 278.6C-3.124 266.1-3.124 245.9 9.372 233.4C21.87 220.9 42.13 220.9 54.63 233.4L159.1 338.7L393.4 105.4C405.9 92.88 426.1 92.88 438.6 105.4H438.6z\"><\/path><\/svg><\/span><span class=\"uagb-icon-list__label\">SERVICE<\/span><\/div>\n\n\n\n<div class=\"wp-block-uagb-icon-list-child uagb-block-9c6f9426\"><span class=\"uagb-icon-list__source-wrap\"><svg xmlns=\"https:\/\/www.w3.org\/2000\/svg\" viewBox=\"0 0 448 512\"><path d=\"M438.6 105.4C451.1 117.9 451.1 138.1 438.6 150.6L182.6 406.6C170.1 419.1 149.9 419.1 137.4 406.6L9.372 278.6C-3.124 266.1-3.124 245.9 9.372 233.4C21.87 220.9 42.13 220.9 54.63 233.4L159.1 338.7L393.4 105.4C405.9 92.88 426.1 92.88 438.6 105.4H438.6z\"><\/path><\/svg><\/span><span class=\"uagb-icon-list__label\">TRYGGHET<\/span><\/div>\n<\/div><\/div>\n<\/div>\n<\/div>\n\n\n\n<div class=\"wp-block-uagb-container uagb-block-80ffb3d9\">\n<div class=\"wp-block-uagb-image uagb-block-0f7aceb3 wp-block-uagb-image--layout-default wp-block-uagb-image--effect-static wp-block-uagb-image--align-none\"><figure class=\"wp-block-uagb-image__figure\"><img loading=\"lazy\" decoding=\"async\" srcset=\"https:\/\/sveinolsentransport.no\/wp-content\/uploads\/2024\/02\/lastebil-toten-transport-1.webp ,https:\/\/sveinolsentransport.no\/wp-content\/uploads\/2024\/02\/lastebil-toten-transport-1.webp 780w, https:\/\/sveinolsentransport.no\/wp-content\/uploads\/2024\/02\/lastebil-toten-transport-1.webp 360w\" sizes=\"auto, (max-width: 480px) 150px\" src=\"https:\/\/sveinolsentransport.no\/wp-content\/uploads\/2024\/02\/lastebil-toten-transport-1.webp\" alt=\"\" class=\"uag-image-762\" width=\"640\" height=\"480\" title=\"\" loading=\"lazy\" role=\"img\"\/><\/figure><\/div>\n<\/div>\n<\/div><\/div>\n<\/div><\/div>\n\n\n\n<div class=\"wp-block-uagb-container uag-blocks-common-selector uagb-block-94620132 alignfull uagb-is-root-container\"><div class=\"uagb-container__shape uagb-container__shape-top uagb-container__shape-flip\"><svg xmlns=\"https:\/\/www.w3.org\/2000\/svg\" viewBox=\"0 0 1000 100\" preserveAspectRatio=\"none\"><path class=\"uagb-container__shape-fill\" d=\"M0,6V0h1000v100L0,6z\"><\/path><\/svg><\/div><div class=\"uagb-container__shape uagb-container__shape-bottom uagb-container__shape-flip uagb-container__invert\" data-negative=\"false\"><svg xmlns=\"https:\/\/www.w3.org\/2000\/svg\" viewBox=\"0 0 1000 100\" preserveAspectRatio=\"none\"><path class=\"uagb-container__shape-fill\" d=\"M0,6V0h1000v100L0,6z\"><\/path><\/svg><\/div><div class=\"uagb-container-inner-blocks-wrap\">\n<div class=\"wp-block-uagb-container uagb-block-43b881e3\">\n<div class=\"wp-block-uagb-advanced-heading uagb-block-0c2d3e03\"><h2 class=\"uagb-heading-text\">Har du sp\u00f8rsm\u00e5l?<\/h2><\/div>\n\n\n\n<div class=\"wp-block-uagb-separator uagb-block-a64b53d1\"><div class=\"wp-block-uagb-separator__inner\" style=\"--my-background-image:\"><\/div><\/div>\n\n\n\n<div class=\"wp-block-uagb-advanced-heading uagb-block-f2462686\"><h6 class=\"uagb-heading-text\">&nbsp;\u200b<strong>Vi har rask responstid og er alltid \u200btilgjengelig for \u00e5 svare p\u00e5 dine sp\u00f8rsm\u00e5l.<\/strong> <strong>Send oss en henvendelse via skjemaet, eller ring oss p\u00e5 telefon<\/strong><\/h6><\/div>\n<\/div>\n<\/div><\/div>\n","protected":false},"excerpt":{"rendered":"<p>OM Svein E. Olsen Transport &nbsp;Utf\u00f8rer diverse transportoppdrag mellom Gj\u00f8vik og Oslo. Har du sp\u00f8rsm\u00e5l? &nbsp;\u200bVi har rask responstid og er alltid \u200btilgjengelig for \u00e5 svare p\u00e5 dine sp\u00f8rsm\u00e5l. Send oss en henvendelse via skjemaet, eller ring oss p\u00e5 telefon<\/p>\n","protected":false},"author":1,"featured_media":0,"parent":0,"menu_order":0,"comment_status":"closed","ping_status":"closed","template":"","meta":{"_uag_custom_page_level_css":"","site-sidebar-layout":"default","site-content-layout":"","ast-site-content-layout":"default","site-content-style":"default","site-sidebar-style":"default","ast-global-header-display":"","ast-banner-title-visibility":"","ast-main-header-display":"","ast-hfb-above-header-display":"","ast-hfb-below-header-display":"","ast-hfb-mobile-header-display":"","site-post-title":"disabled","ast-breadcrumbs-content":"","ast-featured-img":"","footer-sml-layout":"","ast-disable-related-posts":"","theme-transparent-header-meta":"","adv-header-id-meta":"","stick-header-meta":"","header-above-stick-meta":"","header-main-stick-meta":"","header-below-stick-meta":"","astra-migrate-meta-layouts":"set","ast-page-background-enabled":"default","ast-page-background-meta":{"desktop":{"background-color":"var(--ast-global-color-4)","background-image":"","background-repeat":"repeat","background-position":"center center","background-size":"auto","background-attachment":"scroll","background-type":"","background-media":"","overlay-type":"","overlay-color":"","overlay-opacity":"","overlay-gradient":""},"tablet":{"background-color":"","background-image":"","background-repeat":"repeat","background-position":"center center","background-size":"auto","background-attachment":"scroll","background-type":"","background-media":"","overlay-type":"","overlay-color":"","overlay-opacity":"","overlay-gradient":""},"mobile":{"background-color":"","background-image":"","background-repeat":"repeat","background-position":"center center","background-size":"auto","background-attachment":"scroll","background-type":"","background-media":"","overlay-type":"","overlay-color":"","overlay-opacity":"","overlay-gradient":""}},"ast-content-background-meta":{"desktop":{"background-color":"var(--ast-global-color-5)","background-image":"","background-repeat":"repeat","background-position":"center center","background-size":"auto","background-attachment":"scroll","background-type":"","background-media":"","overlay-type":"","overlay-color":"","overlay-opacity":"","overlay-gradient":""},"tablet":{"background-color":"var(--ast-global-color-5)","background-image":"","background-repeat":"repeat","background-position":"center center","background-size":"auto","background-attachment":"scroll","background-type":"","background-media":"","overlay-type":"","overlay-color":"","overlay-opacity":"","overlay-gradient":""},"mobile":{"background-color":"var(--ast-global-color-5)","background-image":"","background-repeat":"repeat","background-position":"center center","background-size":"auto","background-attachment":"scroll","background-type":"","background-media":"","overlay-type":"","overlay-color":"","overlay-opacity":"","overlay-gradient":""}},"footnotes":""},"class_list":["post-748","page","type-page","status-publish","hentry"],"yoast_head":"<!-- This site is optimized with the Yoast SEO plugin v27.3 - https:\/\/yoast.com\/product\/yoast-seo-wordpress\/ -->\n<title>Om oss -<\/title>\n<meta name=\"robots\" content=\"index, follow, max-snippet:-1, max-image-preview:large, max-video-preview:-1\" \/>\n<link rel=\"canonical\" href=\"https:\/\/sveinolsentransport.no\/?page_id=748\" \/>\n<meta property=\"og:locale\" content=\"en_US\" \/>\n<meta property=\"og:type\" content=\"article\" \/>\n<meta property=\"og:title\" content=\"Om oss -\" \/>\n<meta property=\"og:description\" content=\"OM Svein E. Olsen Transport &nbsp;Utf\u00f8rer diverse transportoppdrag mellom Gj\u00f8vik og Oslo. Har du sp\u00f8rsm\u00e5l? &nbsp;\u200bVi har rask responstid og er alltid \u200btilgjengelig for \u00e5 svare p\u00e5 dine sp\u00f8rsm\u00e5l. Send oss en henvendelse via skjemaet, eller ring oss p\u00e5 telefon\" \/>\n<meta property=\"og:url\" content=\"https:\/\/sveinolsentransport.no\/?page_id=748\" \/>\n<meta property=\"article:modified_time\" content=\"2024-05-29T06:51:57+00:00\" \/>\n<meta property=\"og:image\" content=\"http:\/\/sveinolsentransport.no\/wp-content\/uploads\/2024\/02\/lastebil-toten-transport-1.webp\" \/>\n<meta name=\"twitter:card\" content=\"summary_large_image\" \/>\n<meta name=\"twitter:label1\" content=\"Est. reading time\" \/>\n\t<meta name=\"twitter:data1\" content=\"1 minute\" \/>\n<script type=\"application\/ld+json\" class=\"yoast-schema-graph\">{\"@context\":\"https:\\\/\\\/schema.org\",\"@graph\":[{\"@type\":\"WebPage\",\"@id\":\"https:\\\/\\\/sveinolsentransport.no\\\/?page_id=748\",\"url\":\"https:\\\/\\\/sveinolsentransport.no\\\/?page_id=748\",\"name\":\"Om oss -\",\"isPartOf\":{\"@id\":\"https:\\\/\\\/sveinolsentransport.no\\\/#website\"},\"primaryImageOfPage\":{\"@id\":\"https:\\\/\\\/sveinolsentransport.no\\\/?page_id=748#primaryimage\"},\"image\":{\"@id\":\"https:\\\/\\\/sveinolsentransport.no\\\/?page_id=748#primaryimage\"},\"thumbnailUrl\":\"http:\\\/\\\/sveinolsentransport.no\\\/wp-content\\\/uploads\\\/2024\\\/02\\\/lastebil-toten-transport-1.webp\",\"datePublished\":\"2024-02-05T13:52:50+00:00\",\"dateModified\":\"2024-05-29T06:51:57+00:00\",\"breadcrumb\":{\"@id\":\"https:\\\/\\\/sveinolsentransport.no\\\/?page_id=748#breadcrumb\"},\"inLanguage\":\"en\",\"potentialAction\":[{\"@type\":\"ReadAction\",\"target\":[\"https:\\\/\\\/sveinolsentransport.no\\\/?page_id=748\"]}]},{\"@type\":\"ImageObject\",\"inLanguage\":\"en\",\"@id\":\"https:\\\/\\\/sveinolsentransport.no\\\/?page_id=748#primaryimage\",\"url\":\"https:\\\/\\\/sveinolsentransport.no\\\/wp-content\\\/uploads\\\/2024\\\/02\\\/lastebil-toten-transport-1.webp\",\"contentUrl\":\"https:\\\/\\\/sveinolsentransport.no\\\/wp-content\\\/uploads\\\/2024\\\/02\\\/lastebil-toten-transport-1.webp\",\"width\":640,\"height\":480},{\"@type\":\"BreadcrumbList\",\"@id\":\"https:\\\/\\\/sveinolsentransport.no\\\/?page_id=748#breadcrumb\",\"itemListElement\":[{\"@type\":\"ListItem\",\"position\":1,\"name\":\"Home\",\"item\":\"https:\\\/\\\/sveinolsentransport.no\\\/\"},{\"@type\":\"ListItem\",\"position\":2,\"name\":\"Om oss\"}]},{\"@type\":\"WebSite\",\"@id\":\"https:\\\/\\\/sveinolsentransport.no\\\/#website\",\"url\":\"https:\\\/\\\/sveinolsentransport.no\\\/\",\"name\":\"\",\"description\":\"Svein E.Olsen Transport\",\"potentialAction\":[{\"@type\":\"SearchAction\",\"target\":{\"@type\":\"EntryPoint\",\"urlTemplate\":\"https:\\\/\\\/sveinolsentransport.no\\\/?s={search_term_string}\"},\"query-input\":{\"@type\":\"PropertyValueSpecification\",\"valueRequired\":true,\"valueName\":\"search_term_string\"}}],\"inLanguage\":\"en\"}]}<\/script>\n<!-- \/ Yoast SEO plugin. -->","yoast_head_json":{"title":"Om oss -","robots":{"index":"index","follow":"follow","max-snippet":"max-snippet:-1","max-image-preview":"max-image-preview:large","max-video-preview":"max-video-preview:-1"},"canonical":"https:\/\/sveinolsentransport.no\/?page_id=748","og_locale":"en_US","og_type":"article","og_title":"Om oss -","og_description":"OM Svein E. Olsen Transport &nbsp;Utf\u00f8rer diverse transportoppdrag mellom Gj\u00f8vik og Oslo. Har du sp\u00f8rsm\u00e5l? &nbsp;\u200bVi har rask responstid og er alltid \u200btilgjengelig for \u00e5 svare p\u00e5 dine sp\u00f8rsm\u00e5l. Send oss en henvendelse via skjemaet, eller ring oss p\u00e5 telefon","og_url":"https:\/\/sveinolsentransport.no\/?page_id=748","article_modified_time":"2024-05-29T06:51:57+00:00","og_image":[{"url":"http:\/\/sveinolsentransport.no\/wp-content\/uploads\/2024\/02\/lastebil-toten-transport-1.webp","type":"","width":"","height":""}],"twitter_card":"summary_large_image","twitter_misc":{"Est. reading time":"1 minute"},"schema":{"@context":"https:\/\/schema.org","@graph":[{"@type":"WebPage","@id":"https:\/\/sveinolsentransport.no\/?page_id=748","url":"https:\/\/sveinolsentransport.no\/?page_id=748","name":"Om oss -","isPartOf":{"@id":"https:\/\/sveinolsentransport.no\/#website"},"primaryImageOfPage":{"@id":"https:\/\/sveinolsentransport.no\/?page_id=748#primaryimage"},"image":{"@id":"https:\/\/sveinolsentransport.no\/?page_id=748#primaryimage"},"thumbnailUrl":"http:\/\/sveinolsentransport.no\/wp-content\/uploads\/2024\/02\/lastebil-toten-transport-1.webp","datePublished":"2024-02-05T13:52:50+00:00","dateModified":"2024-05-29T06:51:57+00:00","breadcrumb":{"@id":"https:\/\/sveinolsentransport.no\/?page_id=748#breadcrumb"},"inLanguage":"en","potentialAction":[{"@type":"ReadAction","target":["https:\/\/sveinolsentransport.no\/?page_id=748"]}]},{"@type":"ImageObject","inLanguage":"en","@id":"https:\/\/sveinolsentransport.no\/?page_id=748#primaryimage","url":"https:\/\/sveinolsentransport.no\/wp-content\/uploads\/2024\/02\/lastebil-toten-transport-1.webp","contentUrl":"https:\/\/sveinolsentransport.no\/wp-content\/uploads\/2024\/02\/lastebil-toten-transport-1.webp","width":640,"height":480},{"@type":"BreadcrumbList","@id":"https:\/\/sveinolsentransport.no\/?page_id=748#breadcrumb","itemListElement":[{"@type":"ListItem","position":1,"name":"Home","item":"https:\/\/sveinolsentransport.no\/"},{"@type":"ListItem","position":2,"name":"Om oss"}]},{"@type":"WebSite","@id":"https:\/\/sveinolsentransport.no\/#website","url":"https:\/\/sveinolsentransport.no\/","name":"","description":"Svein E.Olsen Transport","potentialAction":[{"@type":"SearchAction","target":{"@type":"EntryPoint","urlTemplate":"https:\/\/sveinolsentransport.no\/?s={search_term_string}"},"query-input":{"@type":"PropertyValueSpecification","valueRequired":true,"valueName":"search_term_string"}}],"inLanguage":"en"}]}},"uagb_featured_image_src":{"full":false,"thumbnail":false,"medium":false,"medium_large":false,"large":false,"1536x1536":false,"2048x2048":false},"uagb_author_info":{"display_name":"admin","author_link":"https:\/\/sveinolsentransport.no\/?author=1"},"uagb_comment_info":0,"uagb_excerpt":"OM Svein E. Olsen Transport &nbsp;Utf\u00f8rer diverse transportoppdrag mellom Gj\u00f8vik og Oslo. Har du sp\u00f8rsm\u00e5l? &nbsp;\u200bVi har rask responstid og er alltid \u200btilgjengelig for \u00e5 svare p\u00e5 dine sp\u00f8rsm\u00e5l. Send oss en henvendelse via skjemaet, eller ring oss p\u00e5 telefon","_links":{"self":[{"href":"https:\/\/sveinolsentransport.no\/index.php?rest_route=\/wp\/v2\/pages\/748","targetHints":{"allow":["GET"]}}],"collection":[{"href":"https:\/\/sveinolsentransport.no\/index.php?rest_route=\/wp\/v2\/pages"}],"about":[{"href":"https:\/\/sveinolsentransport.no\/index.php?rest_route=\/wp\/v2\/types\/page"}],"author":[{"embeddable":true,"href":"https:\/\/sveinolsentransport.no\/index.php?rest_route=\/wp\/v2\/users\/1"}],"replies":[{"embeddable":true,"href":"https:\/\/sveinolsentransport.no\/index.php?rest_route=%2Fwp%2Fv2%2Fcomments&post=748"}],"version-history":[{"count":14,"href":"https:\/\/sveinolsentransport.no\/index.php?rest_route=\/wp\/v2\/pages\/748\/revisions"}],"predecessor-version":[{"id":839,"href":"https:\/\/sveinolsentransport.no\/index.php?rest_route=\/wp\/v2\/pages\/748\/revisions\/839"}],"wp:attachment":[{"href":"https:\/\/sveinolsentransport.no\/index.php?rest_route=%2Fwp%2Fv2%2Fmedia&parent=748"}],"curies":[{"name":"wp","href":"https:\/\/api.w.org\/{rel}","templated":true}]}}