{"id":751,"date":"2024-02-05T13:53:15","date_gmt":"2024-02-05T13:53:15","guid":{"rendered":"http:\/\/sveinolsentransport.no\/?page_id=751"},"modified":"2024-02-05T15:45:29","modified_gmt":"2024-02-05T15:45:29","slug":"kontakt-oss-2","status":"publish","type":"page","link":"https:\/\/sveinolsentransport.no\/?page_id=751","title":{"rendered":"Kontakt oss"},"content":{"rendered":"\n<div class=\"wp-block-uagb-container uag-blocks-common-selector uagb-block-94620132 alignfull uagb-is-root-container\"><div class=\"uagb-container__shape uagb-container__shape-top uagb-container__shape-flip\"><svg xmlns=\"https:\/\/www.w3.org\/2000\/svg\" viewBox=\"0 0 1000 100\" preserveAspectRatio=\"none\"><path class=\"uagb-container__shape-fill\" d=\"M0,6V0h1000v100L0,6z\"><\/path><\/svg><\/div><div class=\"uagb-container__shape uagb-container__shape-bottom uagb-container__shape-flip uagb-container__invert\" data-negative=\"false\"><svg xmlns=\"https:\/\/www.w3.org\/2000\/svg\" viewBox=\"0 0 1000 100\" preserveAspectRatio=\"none\"><path class=\"uagb-container__shape-fill\" d=\"M0,6V0h1000v100L0,6z\"><\/path><\/svg><\/div><div class=\"uagb-container-inner-blocks-wrap\">\n<div class=\"wp-block-uagb-container uagb-block-6a67a0e8\">\n<div class=\"wp-block-uagb-advanced-heading uagb-block-5556555c\"><h2 class=\"uagb-heading-text\">KONTAKT OSS<\/h2><\/div>\n\n\n\n<div class=\"wp-block-uagb-container uagb-block-43b881e3\">\n<div class=\"wp-block-uagb-separator uagb-block-a64b53d1\"><div class=\"wp-block-uagb-separator__inner\" style=\"--my-background-image:\"><\/div><\/div>\n\n\n\n<div class=\"wp-block-uagb-advanced-heading uagb-block-f2462686\"><h6 class=\"uagb-heading-text\">&nbsp;\u200b<strong>Vi har rask responstid og er alltid \u200btilgjengelig for \u00e5 svare p\u00e5 dine sp\u00f8rsm\u00e5l.<\/strong> <strong>Send oss en henvendelse via skjemaet, eller ring oss p\u00e5 telefon<\/strong><\/h6><\/div>\n<\/div>\n\n\n\n<div class=\"wp-block-group is-layout-constrained wp-block-group-is-layout-constrained\">\n<div class=\"wp-block-columns is-layout-flex wp-container-core-columns-is-layout-ec2e7a44 wp-block-columns-is-layout-flex\" style=\"padding-top:0;padding-bottom:0\">\n<div class=\"wp-block-column is-layout-flow wp-block-column-is-layout-flow\" style=\"flex-basis:100%\"><style id=\"wpforms-css-vars-308-block-1e36b44e-7305-4104-a4e1-a2099c41c4a2\">\n\t\t\t\t#wpforms-308.wpforms-block-1e36b44e-7305-4104-a4e1-a2099c41c4a2 {\n\t\t\t\t--wpforms-field-text-color: #000000;\n--wpforms-label-color: var(--ast-global-color-3);\n--wpforms-label-sublabel-color: var(--ast-global-color-3);\n--wpforms-button-background-color: var(--ast-global-color-1);\n\t\t\t}\n\t\t\t<\/style><div class=\"wpforms-container wpforms-container-full wpforms-block wpforms-block-1e36b44e-7305-4104-a4e1-a2099c41c4a2 wpforms-render-modern\" id=\"wpforms-308\"><form id=\"wpforms-form-308\" class=\"wpforms-validate wpforms-form\" data-formid=\"308\" method=\"post\" enctype=\"multipart\/form-data\" action=\"\/index.php?rest_route=%2Fwp%2Fv2%2Fpages%2F751\" data-token=\"a1871a1492135d88cd1235fd5f17599d\" data-token-time=\"1776164449\"><noscript class=\"wpforms-error-noscript\">Please enable JavaScript in your browser to complete this form.<\/noscript><div id=\"wpforms-error-noscript\" style=\"display: none;\">Please enable JavaScript in your browser to complete this form.<\/div><div class=\"wpforms-field-container\"><div id=\"wpforms-308-field_0-container\" class=\"wpforms-field wpforms-field-name\" data-field-id=\"0\"><label class=\"wpforms-field-label wpforms-label-hide\" for=\"wpforms-308-field_0\" aria-hidden=\"false\">Name <span class=\"wpforms-required-label\" aria-hidden=\"true\">*<\/span><\/label><input type=\"text\" id=\"wpforms-308-field_0\" class=\"wpforms-field-large wpforms-field-required\" name=\"wpforms[fields][0]\" placeholder=\"Navn \" aria-errormessage=\"wpforms-308-field_0-error\" required><\/div><div id=\"wpforms-308-field_8-container\" class=\"wpforms-field wpforms-field-text\" data-field-id=\"8\"><label class=\"wpforms-field-label wpforms-label-hide\" for=\"wpforms-308-field_8\" aria-hidden=\"false\">Single Line Text<\/label><input type=\"text\" id=\"wpforms-308-field_8\" class=\"wpforms-field-large\" name=\"wpforms[fields][8]\" placeholder=\"Telefon\" aria-errormessage=\"wpforms-308-field_8-error\" ><\/div><div id=\"wpforms-308-field_7-container\" class=\"wpforms-field wpforms-field-email\" data-field-id=\"7\"><label class=\"wpforms-field-label wpforms-label-hide\" for=\"wpforms-308-field_7\" aria-hidden=\"false\">Email <span class=\"wpforms-required-label\" aria-hidden=\"true\">*<\/span><\/label><input type=\"email\" id=\"wpforms-308-field_7\" class=\"wpforms-field-large wpforms-field-required\" name=\"wpforms[fields][7]\" placeholder=\"E-post\" spellcheck=\"false\" aria-errormessage=\"wpforms-308-field_7-error\" required><\/div><div id=\"wpforms-308-field_2-container\" class=\"wpforms-field wpforms-field-textarea\" data-field-id=\"2\"><label class=\"wpforms-field-label wpforms-label-hide\" for=\"wpforms-308-field_2\" aria-hidden=\"false\">Comment or Message <span class=\"wpforms-required-label\" aria-hidden=\"true\">*<\/span><\/label><textarea id=\"wpforms-308-field_2\" class=\"wpforms-field-medium wpforms-field-required\" name=\"wpforms[fields][2]\" placeholder=\"Din henvendelse\" aria-errormessage=\"wpforms-308-field_2-error\" required><\/textarea><\/div><\/div><!-- .wpforms-field-container --><div class=\"wpforms-submit-container\" ><input type=\"hidden\" name=\"wpforms[id]\" value=\"308\"><input type=\"hidden\" name=\"page_title\" value=\"\"><input type=\"hidden\" name=\"page_url\" value=\"https:\/\/sveinolsentransport.no\/index.php?rest_route=\/wp\/v2\/pages\/751\"><input type=\"hidden\" name=\"url_referer\" value=\"\"><button type=\"submit\" name=\"wpforms[submit]\" id=\"wpforms-submit-308\" class=\"wpforms-submit\" data-alt-text=\"Sending...\" data-submit-text=\"Send melding\" aria-live=\"assertive\" value=\"wpforms-submit\">Send melding<\/button><\/div><\/form><\/div>  <!-- .wpforms-container -->\n\n\n<div class=\"wp-block-uagb-advanced-heading uagb-block-1528dec9\"><h2 class=\"uagb-heading-text\">HER FINNER DU OSS<\/h2><\/div>\n\n\n\n<div class=\"wp-block-uagb-separator uagb-block-4c41f656\"><div class=\"wp-block-uagb-separator__inner\" style=\"--my-background-image:\"><\/div><\/div>\n\n\n\t\t\t<div \n\t\t\tclass=\"wp-block-uagb-google-map uagb-google-map__wrap uagb-block-56721fad  uag-hide-tab uag-hide-mob  \"\n\t\t\tstyle=\"\" >\n\t\t\t\t<embed\n\t\t\t\t\tclass=\"uagb-google-map__iframe\"\n\t\t\t\t\ttitle=\"Google Map for \"\n\t\t\t\t\tsrc=\"https:\/\/maps.google.com\/maps?q=V%C3%B8mm%C3%B8lsvika%20161%2C%202850%20Lena&#038;z=14&#038;hl=no&#038;t=m&#038;output=embed&#038;iwloc=near\"\n\t\t\t\t\twidth=\"640\"\n\t\t\t\t\theight=\"300\"\n\t\t\t\t\tloading=\"lazy\"\n\t\t\t\t><\/embed>\n\t\t\t<\/div>\n\t\t\t<\/div>\n<\/div>\n<\/div>\n<\/div>\n<\/div><\/div>\n","protected":false},"excerpt":{"rendered":"<p>KONTAKT OSS &nbsp;\u200bVi har rask responstid og er alltid \u200btilgjengelig for \u00e5 svare p\u00e5 dine sp\u00f8rsm\u00e5l. Send oss en henvendelse via skjemaet, eller ring oss p\u00e5 telefon HER FINNER DU OSS<\/p>\n","protected":false},"author":1,"featured_media":0,"parent":0,"menu_order":0,"comment_status":"closed","ping_status":"closed","template":"","meta":{"_uag_custom_page_level_css":"","site-sidebar-layout":"default","site-content-layout":"","ast-site-content-layout":"default","site-content-style":"default","site-sidebar-style":"default","ast-global-header-display":"","ast-banner-title-visibility":"","ast-main-header-display":"","ast-hfb-above-header-display":"","ast-hfb-below-header-display":"","ast-hfb-mobile-header-display":"","site-post-title":"disabled","ast-breadcrumbs-content":"","ast-featured-img":"","footer-sml-layout":"","ast-disable-related-posts":"","theme-transparent-header-meta":"","adv-header-id-meta":"","stick-header-meta":"","header-above-stick-meta":"","header-main-stick-meta":"","header-below-stick-meta":"","astra-migrate-meta-layouts":"set","ast-page-background-enabled":"default","ast-page-background-meta":{"desktop":{"background-color":"var(--ast-global-color-4)","background-image":"","background-repeat":"repeat","background-position":"center center","background-size":"auto","background-attachment":"scroll","background-type":"","background-media":"","overlay-type":"","overlay-color":"","overlay-opacity":"","overlay-gradient":""},"tablet":{"background-color":"","background-image":"","background-repeat":"repeat","background-position":"center center","background-size":"auto","background-attachment":"scroll","background-type":"","background-media":"","overlay-type":"","overlay-color":"","overlay-opacity":"","overlay-gradient":""},"mobile":{"background-color":"","background-image":"","background-repeat":"repeat","background-position":"center center","background-size":"auto","background-attachment":"scroll","background-type":"","background-media":"","overlay-type":"","overlay-color":"","overlay-opacity":"","overlay-gradient":""}},"ast-content-background-meta":{"desktop":{"background-color":"var(--ast-global-color-5)","background-image":"","background-repeat":"repeat","background-position":"center center","background-size":"auto","background-attachment":"scroll","background-type":"","background-media":"","overlay-type":"","overlay-color":"","overlay-opacity":"","overlay-gradient":""},"tablet":{"background-color":"var(--ast-global-color-5)","background-image":"","background-repeat":"repeat","background-position":"center center","background-size":"auto","background-attachment":"scroll","background-type":"","background-media":"","overlay-type":"","overlay-color":"","overlay-opacity":"","overlay-gradient":""},"mobile":{"background-color":"var(--ast-global-color-5)","background-image":"","background-repeat":"repeat","background-position":"center center","background-size":"auto","background-attachment":"scroll","background-type":"","background-media":"","overlay-type":"","overlay-color":"","overlay-opacity":"","overlay-gradient":""}},"footnotes":""},"class_list":["post-751","page","type-page","status-publish","hentry"],"yoast_head":"<!-- This site is optimized with the Yoast SEO plugin v27.3 - https:\/\/yoast.com\/product\/yoast-seo-wordpress\/ -->\n<title>Kontakt oss -<\/title>\n<meta name=\"robots\" content=\"index, follow, max-snippet:-1, max-image-preview:large, max-video-preview:-1\" \/>\n<link rel=\"canonical\" href=\"https:\/\/sveinolsentransport.no\/?page_id=751\" \/>\n<meta property=\"og:locale\" content=\"en_US\" \/>\n<meta property=\"og:type\" content=\"article\" \/>\n<meta property=\"og:title\" content=\"Kontakt oss -\" \/>\n<meta property=\"og:description\" content=\"KONTAKT OSS &nbsp;\u200bVi har rask responstid og er alltid \u200btilgjengelig for \u00e5 svare p\u00e5 dine sp\u00f8rsm\u00e5l. Send oss en henvendelse via skjemaet, eller ring oss p\u00e5 telefon HER FINNER DU OSS\" \/>\n<meta property=\"og:url\" content=\"https:\/\/sveinolsentransport.no\/?page_id=751\" \/>\n<meta property=\"article:modified_time\" content=\"2024-02-05T15:45:29+00:00\" \/>\n<meta name=\"twitter:card\" content=\"summary_large_image\" \/>\n<script type=\"application\/ld+json\" class=\"yoast-schema-graph\">{\"@context\":\"https:\\\/\\\/schema.org\",\"@graph\":[{\"@type\":\"WebPage\",\"@id\":\"https:\\\/\\\/sveinolsentransport.no\\\/?page_id=751\",\"url\":\"https:\\\/\\\/sveinolsentransport.no\\\/?page_id=751\",\"name\":\"Kontakt oss -\",\"isPartOf\":{\"@id\":\"https:\\\/\\\/sveinolsentransport.no\\\/#website\"},\"datePublished\":\"2024-02-05T13:53:15+00:00\",\"dateModified\":\"2024-02-05T15:45:29+00:00\",\"breadcrumb\":{\"@id\":\"https:\\\/\\\/sveinolsentransport.no\\\/?page_id=751#breadcrumb\"},\"inLanguage\":\"en\",\"potentialAction\":[{\"@type\":\"ReadAction\",\"target\":[\"https:\\\/\\\/sveinolsentransport.no\\\/?page_id=751\"]}]},{\"@type\":\"BreadcrumbList\",\"@id\":\"https:\\\/\\\/sveinolsentransport.no\\\/?page_id=751#breadcrumb\",\"itemListElement\":[{\"@type\":\"ListItem\",\"position\":1,\"name\":\"Home\",\"item\":\"https:\\\/\\\/sveinolsentransport.no\\\/\"},{\"@type\":\"ListItem\",\"position\":2,\"name\":\"Kontakt oss\"}]},{\"@type\":\"WebSite\",\"@id\":\"https:\\\/\\\/sveinolsentransport.no\\\/#website\",\"url\":\"https:\\\/\\\/sveinolsentransport.no\\\/\",\"name\":\"\",\"description\":\"Svein E.Olsen Transport\",\"potentialAction\":[{\"@type\":\"SearchAction\",\"target\":{\"@type\":\"EntryPoint\",\"urlTemplate\":\"https:\\\/\\\/sveinolsentransport.no\\\/?s={search_term_string}\"},\"query-input\":{\"@type\":\"PropertyValueSpecification\",\"valueRequired\":true,\"valueName\":\"search_term_string\"}}],\"inLanguage\":\"en\"}]}<\/script>\n<!-- \/ Yoast SEO plugin. -->","yoast_head_json":{"title":"Kontakt oss -","robots":{"index":"index","follow":"follow","max-snippet":"max-snippet:-1","max-image-preview":"max-image-preview:large","max-video-preview":"max-video-preview:-1"},"canonical":"https:\/\/sveinolsentransport.no\/?page_id=751","og_locale":"en_US","og_type":"article","og_title":"Kontakt oss -","og_description":"KONTAKT OSS &nbsp;\u200bVi har rask responstid og er alltid \u200btilgjengelig for \u00e5 svare p\u00e5 dine sp\u00f8rsm\u00e5l. Send oss en henvendelse via skjemaet, eller ring oss p\u00e5 telefon HER FINNER DU OSS","og_url":"https:\/\/sveinolsentransport.no\/?page_id=751","article_modified_time":"2024-02-05T15:45:29+00:00","twitter_card":"summary_large_image","schema":{"@context":"https:\/\/schema.org","@graph":[{"@type":"WebPage","@id":"https:\/\/sveinolsentransport.no\/?page_id=751","url":"https:\/\/sveinolsentransport.no\/?page_id=751","name":"Kontakt oss -","isPartOf":{"@id":"https:\/\/sveinolsentransport.no\/#website"},"datePublished":"2024-02-05T13:53:15+00:00","dateModified":"2024-02-05T15:45:29+00:00","breadcrumb":{"@id":"https:\/\/sveinolsentransport.no\/?page_id=751#breadcrumb"},"inLanguage":"en","potentialAction":[{"@type":"ReadAction","target":["https:\/\/sveinolsentransport.no\/?page_id=751"]}]},{"@type":"BreadcrumbList","@id":"https:\/\/sveinolsentransport.no\/?page_id=751#breadcrumb","itemListElement":[{"@type":"ListItem","position":1,"name":"Home","item":"https:\/\/sveinolsentransport.no\/"},{"@type":"ListItem","position":2,"name":"Kontakt oss"}]},{"@type":"WebSite","@id":"https:\/\/sveinolsentransport.no\/#website","url":"https:\/\/sveinolsentransport.no\/","name":"","description":"Svein E.Olsen Transport","potentialAction":[{"@type":"SearchAction","target":{"@type":"EntryPoint","urlTemplate":"https:\/\/sveinolsentransport.no\/?s={search_term_string}"},"query-input":{"@type":"PropertyValueSpecification","valueRequired":true,"valueName":"search_term_string"}}],"inLanguage":"en"}]}},"uagb_featured_image_src":{"full":false,"thumbnail":false,"medium":false,"medium_large":false,"large":false,"1536x1536":false,"2048x2048":false},"uagb_author_info":{"display_name":"admin","author_link":"https:\/\/sveinolsentransport.no\/?author=1"},"uagb_comment_info":0,"uagb_excerpt":"KONTAKT OSS &nbsp;\u200bVi har rask responstid og er alltid \u200btilgjengelig for \u00e5 svare p\u00e5 dine sp\u00f8rsm\u00e5l. Send oss en henvendelse via skjemaet, eller ring oss p\u00e5 telefon HER FINNER DU OSS","_links":{"self":[{"href":"https:\/\/sveinolsentransport.no\/index.php?rest_route=\/wp\/v2\/pages\/751","targetHints":{"allow":["GET"]}}],"collection":[{"href":"https:\/\/sveinolsentransport.no\/index.php?rest_route=\/wp\/v2\/pages"}],"about":[{"href":"https:\/\/sveinolsentransport.no\/index.php?rest_route=\/wp\/v2\/types\/page"}],"author":[{"embeddable":true,"href":"https:\/\/sveinolsentransport.no\/index.php?rest_route=\/wp\/v2\/users\/1"}],"replies":[{"embeddable":true,"href":"https:\/\/sveinolsentransport.no\/index.php?rest_route=%2Fwp%2Fv2%2Fcomments&post=751"}],"version-history":[{"count":8,"href":"https:\/\/sveinolsentransport.no\/index.php?rest_route=\/wp\/v2\/pages\/751\/revisions"}],"predecessor-version":[{"id":799,"href":"https:\/\/sveinolsentransport.no\/index.php?rest_route=\/wp\/v2\/pages\/751\/revisions\/799"}],"wp:attachment":[{"href":"https:\/\/sveinolsentransport.no\/index.php?rest_route=%2Fwp%2Fv2%2Fmedia&parent=751"}],"curies":[{"name":"wp","href":"https:\/\/api.w.org\/{rel}","templated":true}]}}